{"id":20,"date":"2022-11-03T14:52:03","date_gmt":"2022-11-03T19:52:03","guid":{"rendered":"https:\/\/helpeducacion.com\/?page_id=20"},"modified":"2024-12-16T10:53:16","modified_gmt":"2024-12-16T15:53:16","slug":"pagina-de-inicio","status":"publish","type":"page","link":"https:\/\/helpeducacion.com\/","title":{"rendered":"Pagina de inicio"},"content":{"rendered":"\t\t<div data-elementor-type=\"wp-page\" data-elementor-id=\"20\" class=\"elementor elementor-20\">\n\t\t\t\t\t\t\t\t\t<section class=\"elementor-section elementor-top-section elementor-element elementor-element-26043d5 elementor-section-full_width elementor-section-height-default elementor-section-height-default\" data-id=\"26043d5\" data-element_type=\"section\">\n\t\t\t\t\t\t<div class=\"elementor-container elementor-column-gap-default\">\n\t\t\t\t\t<div class=\"elementor-column elementor-col-100 elementor-top-column elementor-element elementor-element-7653dd4\" data-id=\"7653dd4\" data-element_type=\"column\">\n\t\t\t<div class=\"elementor-widget-wrap elementor-element-populated\">\n\t\t\t\t\t\t\t\t<div class=\"elementor-element elementor-element-fbe11b5 elementor-widget elementor-widget-heading\" data-id=\"fbe11b5\" data-element_type=\"widget\" data-widget_type=\"heading.default\">\n\t\t\t\t<div class=\"elementor-widget-container\">\n\t\t\t<style>\/*! elementor - v3.8.0 - 30-10-2022 *\/\n.elementor-heading-title{padding:0;margin:0;line-height:1}.elementor-widget-heading .elementor-heading-title[class*=elementor-size-]>a{color:inherit;font-size:inherit;line-height:inherit}.elementor-widget-heading .elementor-heading-title.elementor-size-small{font-size:15px}.elementor-widget-heading .elementor-heading-title.elementor-size-medium{font-size:19px}.elementor-widget-heading .elementor-heading-title.elementor-size-large{font-size:29px}.elementor-widget-heading .elementor-heading-title.elementor-size-xl{font-size:39px}.elementor-widget-heading .elementor-heading-title.elementor-size-xxl{font-size:59px}<\/style><h5 class=\"elementor-heading-title elementor-size-default\">Videos de T\u00e9cnicas, Estrategias, Actividades, Ejercicios, Origami, entre otros<\/h5>\t\t<\/div>\n\t\t\t\t<\/div>\n\t\t\t\t\t<\/div>\n\t\t<\/div>\n\t\t\t\t\t\t\t<\/div>\n\t\t<\/section>\n\t\t\t\t<section class=\"elementor-section elementor-top-section elementor-element elementor-element-495e800 elementor-section-boxed elementor-section-height-default elementor-section-height-default\" data-id=\"495e800\" data-element_type=\"section\">\n\t\t\t\t\t\t<div class=\"elementor-container elementor-column-gap-default\">\n\t\t\t\t\t<div class=\"elementor-column elementor-col-33 elementor-top-column elementor-element elementor-element-abd3b01\" data-id=\"abd3b01\" data-element_type=\"column\">\n\t\t\t<div class=\"elementor-widget-wrap elementor-element-populated\">\n\t\t\t\t\t\t\t\t<div class=\"elementor-element elementor-element-dc6286c elementor-widget elementor-widget-image\" data-id=\"dc6286c\" data-element_type=\"widget\" data-widget_type=\"image.default\">\n\t\t\t\t<div class=\"elementor-widget-container\">\n\t\t\t<style>\/*! elementor - v3.8.0 - 30-10-2022 *\/\n.elementor-widget-image{text-align:center}.elementor-widget-image a{display:inline-block}.elementor-widget-image a img[src$=\".svg\"]{width:48px}.elementor-widget-image img{vertical-align:middle;display:inline-block}<\/style>\t\t\t\t\t\t\t\t\t\t\t\t\t<a href=\"https:\/\/helpeducacion.com\/?page_id=139\">\n\t\t\t\t\t\t\t<img loading=\"lazy\" decoding=\"async\" width=\"300\" height=\"300\" src=\"https:\/\/helpeducacion.com\/wp-content\/uploads\/2023\/03\/1-300x300.png\" class=\"attachment-medium size-medium\" alt=\"\" srcset=\"https:\/\/helpeducacion.com\/wp-content\/uploads\/2023\/03\/1-300x300.png 300w, https:\/\/helpeducacion.com\/wp-content\/uploads\/2023\/03\/1-1024x1024.png 1024w, https:\/\/helpeducacion.com\/wp-content\/uploads\/2023\/03\/1-150x150.png 150w, https:\/\/helpeducacion.com\/wp-content\/uploads\/2023\/03\/1-768x768.png 768w, https:\/\/helpeducacion.com\/wp-content\/uploads\/2023\/03\/1.png 1050w\" sizes=\"auto, (max-width: 300px) 100vw, 300px\" \/>\t\t\t\t\t\t\t\t<\/a>\n\t\t\t\t\t\t\t\t\t\t\t\t\t\t\t<\/div>\n\t\t\t\t<\/div>\n\t\t\t\t<div class=\"elementor-element elementor-element-ec30d9a elementor-widget elementor-widget-button\" data-id=\"ec30d9a\" data-element_type=\"widget\" data-settings=\"{&quot;_animation&quot;:&quot;none&quot;}\" data-widget_type=\"button.default\">\n\t\t\t\t<div class=\"elementor-widget-container\">\n\t\t\t\t\t<div class=\"elementor-button-wrapper\">\n\t\t\t<a href=\"https:\/\/helpeducacion.com\/?page_id=139\" class=\"elementor-button-link elementor-button elementor-size-sm elementor-animation-bob\" role=\"button\">\n\t\t\t\t\t\t<span class=\"elementor-button-content-wrapper\">\n\t\t\t\t\t\t<span class=\"elementor-button-text\">10 Videos de actividades para desarrollar la comprensi\u00f3n lectora<\/span>\n\t\t<\/span>\n\t\t\t\t\t<\/a>\n\t\t<\/div>\n\t\t\t\t<\/div>\n\t\t\t\t<\/div>\n\t\t\t\t\t<\/div>\n\t\t<\/div>\n\t\t\t\t<div class=\"elementor-column elementor-col-33 elementor-top-column elementor-element elementor-element-6712890\" data-id=\"6712890\" data-element_type=\"column\">\n\t\t\t<div class=\"elementor-widget-wrap elementor-element-populated\">\n\t\t\t\t\t\t\t\t<div class=\"elementor-element elementor-element-a865181 elementor-widget elementor-widget-image\" data-id=\"a865181\" data-element_type=\"widget\" data-widget_type=\"image.default\">\n\t\t\t\t<div class=\"elementor-widget-container\">\n\t\t\t\t\t\t\t\t\t\t\t\t\t\t\t\t<a href=\"https:\/\/helpeducacion.com\/?page_id=437\">\n\t\t\t\t\t\t\t<img loading=\"lazy\" decoding=\"async\" width=\"300\" height=\"300\" src=\"https:\/\/helpeducacion.com\/wp-content\/uploads\/2023\/03\/2-300x300.png\" class=\"attachment-medium size-medium\" alt=\"\" srcset=\"https:\/\/helpeducacion.com\/wp-content\/uploads\/2023\/03\/2-300x300.png 300w, https:\/\/helpeducacion.com\/wp-content\/uploads\/2023\/03\/2-1024x1024.png 1024w, https:\/\/helpeducacion.com\/wp-content\/uploads\/2023\/03\/2-150x150.png 150w, https:\/\/helpeducacion.com\/wp-content\/uploads\/2023\/03\/2-768x768.png 768w, https:\/\/helpeducacion.com\/wp-content\/uploads\/2023\/03\/2.png 1050w\" sizes=\"auto, (max-width: 300px) 100vw, 300px\" \/>\t\t\t\t\t\t\t\t<\/a>\n\t\t\t\t\t\t\t\t\t\t\t\t\t\t\t<\/div>\n\t\t\t\t<\/div>\n\t\t\t\t<div class=\"elementor-element elementor-element-89a2b3e elementor-widget elementor-widget-button\" data-id=\"89a2b3e\" data-element_type=\"widget\" data-settings=\"{&quot;_animation&quot;:&quot;none&quot;}\" data-widget_type=\"button.default\">\n\t\t\t\t<div class=\"elementor-widget-container\">\n\t\t\t\t\t<div class=\"elementor-button-wrapper\">\n\t\t\t<a href=\"https:\/\/helpeducacion.com\/?page_id=437\" class=\"elementor-button-link elementor-button elementor-size-sm elementor-animation-bob\" role=\"button\">\n\t\t\t\t\t\t<span class=\"elementor-button-content-wrapper\">\n\t\t\t\t\t\t<span class=\"elementor-button-text\">10 Videos de momentos de la lectura para mejorar la comprensi\u00f3n<\/span>\n\t\t<\/span>\n\t\t\t\t\t<\/a>\n\t\t<\/div>\n\t\t\t\t<\/div>\n\t\t\t\t<\/div>\n\t\t\t\t\t<\/div>\n\t\t<\/div>\n\t\t\t\t<div class=\"elementor-column elementor-col-33 elementor-top-column elementor-element elementor-element-fa4db18\" data-id=\"fa4db18\" data-element_type=\"column\">\n\t\t\t<div class=\"elementor-widget-wrap elementor-element-populated\">\n\t\t\t\t\t\t\t\t<div class=\"elementor-element elementor-element-c0845dd elementor-widget elementor-widget-image\" data-id=\"c0845dd\" data-element_type=\"widget\" data-widget_type=\"image.default\">\n\t\t\t\t<div class=\"elementor-widget-container\">\n\t\t\t\t\t\t\t\t\t\t\t\t\t\t\t\t<a href=\"https:\/\/helpeducacion.com\/?page_id=339\">\n\t\t\t\t\t\t\t<img loading=\"lazy\" decoding=\"async\" width=\"300\" height=\"300\" src=\"https:\/\/helpeducacion.com\/wp-content\/uploads\/2023\/03\/3-300x300.png\" class=\"attachment-medium size-medium\" alt=\"\" srcset=\"https:\/\/helpeducacion.com\/wp-content\/uploads\/2023\/03\/3-300x300.png 300w, https:\/\/helpeducacion.com\/wp-content\/uploads\/2023\/03\/3-1024x1024.png 1024w, https:\/\/helpeducacion.com\/wp-content\/uploads\/2023\/03\/3-150x150.png 150w, https:\/\/helpeducacion.com\/wp-content\/uploads\/2023\/03\/3-768x768.png 768w, https:\/\/helpeducacion.com\/wp-content\/uploads\/2023\/03\/3.png 1050w\" sizes=\"auto, (max-width: 300px) 100vw, 300px\" \/>\t\t\t\t\t\t\t\t<\/a>\n\t\t\t\t\t\t\t\t\t\t\t\t\t\t\t<\/div>\n\t\t\t\t<\/div>\n\t\t\t\t<div class=\"elementor-element elementor-element-856b8bb elementor-widget elementor-widget-button\" data-id=\"856b8bb\" data-element_type=\"widget\" data-settings=\"{&quot;_animation&quot;:&quot;none&quot;}\" data-widget_type=\"button.default\">\n\t\t\t\t<div class=\"elementor-widget-container\">\n\t\t\t\t\t<div class=\"elementor-button-wrapper\">\n\t\t\t<a href=\"https:\/\/helpeducacion.com\/?page_id=339\" class=\"elementor-button-link elementor-button elementor-size-sm elementor-animation-bob\" role=\"button\">\n\t\t\t\t\t\t<span class=\"elementor-button-content-wrapper\">\n\t\t\t\t\t\t<span class=\"elementor-button-text\">10 Videos de consejos para la comprensi\u00f3n de lectura<\/span>\n\t\t<\/span>\n\t\t\t\t\t<\/a>\n\t\t<\/div>\n\t\t\t\t<\/div>\n\t\t\t\t<\/div>\n\t\t\t\t\t<\/div>\n\t\t<\/div>\n\t\t\t\t\t\t\t<\/div>\n\t\t<\/section>\n\t\t\t\t<section class=\"elementor-section elementor-top-section elementor-element elementor-element-8e034fe elementor-section-boxed elementor-section-height-default elementor-section-height-default\" data-id=\"8e034fe\" data-element_type=\"section\">\n\t\t\t\t\t\t<div class=\"elementor-container elementor-column-gap-default\">\n\t\t\t\t\t<div class=\"elementor-column elementor-col-33 elementor-top-column elementor-element elementor-element-74dd8b7\" data-id=\"74dd8b7\" data-element_type=\"column\">\n\t\t\t<div class=\"elementor-widget-wrap elementor-element-populated\">\n\t\t\t\t\t\t\t\t<div class=\"elementor-element elementor-element-7aca3f2 elementor-widget elementor-widget-image\" data-id=\"7aca3f2\" data-element_type=\"widget\" data-widget_type=\"image.default\">\n\t\t\t\t<div class=\"elementor-widget-container\">\n\t\t\t\t\t\t\t\t\t\t\t\t\t\t\t\t<a href=\"https:\/\/helpeducacion.com\/?page_id=394\">\n\t\t\t\t\t\t\t<img loading=\"lazy\" decoding=\"async\" width=\"300\" height=\"300\" src=\"https:\/\/helpeducacion.com\/wp-content\/uploads\/2023\/03\/4-300x300.png\" class=\"attachment-medium size-medium\" alt=\"\" srcset=\"https:\/\/helpeducacion.com\/wp-content\/uploads\/2023\/03\/4-300x300.png 300w, https:\/\/helpeducacion.com\/wp-content\/uploads\/2023\/03\/4-1024x1024.png 1024w, https:\/\/helpeducacion.com\/wp-content\/uploads\/2023\/03\/4-150x150.png 150w, https:\/\/helpeducacion.com\/wp-content\/uploads\/2023\/03\/4-768x768.png 768w, https:\/\/helpeducacion.com\/wp-content\/uploads\/2023\/03\/4.png 1050w\" sizes=\"auto, (max-width: 300px) 100vw, 300px\" \/>\t\t\t\t\t\t\t\t<\/a>\n\t\t\t\t\t\t\t\t\t\t\t\t\t\t\t<\/div>\n\t\t\t\t<\/div>\n\t\t\t\t<div class=\"elementor-element elementor-element-7bb8813 elementor-widget elementor-widget-button\" data-id=\"7bb8813\" data-element_type=\"widget\" data-settings=\"{&quot;_animation&quot;:&quot;none&quot;}\" data-widget_type=\"button.default\">\n\t\t\t\t<div class=\"elementor-widget-container\">\n\t\t\t\t\t<div class=\"elementor-button-wrapper\">\n\t\t\t<a href=\"https:\/\/helpeducacion.com\/?page_id=394\" class=\"elementor-button-link elementor-button elementor-size-sm elementor-animation-bob\" role=\"button\">\n\t\t\t\t\t\t<span class=\"elementor-button-content-wrapper\">\n\t\t\t\t\t\t<span class=\"elementor-button-text\">10 Videos de estrategias de comprensi\u00f3n lectora<\/span>\n\t\t<\/span>\n\t\t\t\t\t<\/a>\n\t\t<\/div>\n\t\t\t\t<\/div>\n\t\t\t\t<\/div>\n\t\t\t\t\t<\/div>\n\t\t<\/div>\n\t\t\t\t<div class=\"elementor-column elementor-col-33 elementor-top-column elementor-element elementor-element-3d3e42f\" data-id=\"3d3e42f\" data-element_type=\"column\">\n\t\t\t<div class=\"elementor-widget-wrap elementor-element-populated\">\n\t\t\t\t\t\t\t\t<div class=\"elementor-element elementor-element-e5f9ddd elementor-widget elementor-widget-image\" data-id=\"e5f9ddd\" data-element_type=\"widget\" data-widget_type=\"image.default\">\n\t\t\t\t<div class=\"elementor-widget-container\">\n\t\t\t\t\t\t\t\t\t\t\t\t\t\t\t\t<a href=\"https:\/\/helpeducacion.com\/?page_id=487\">\n\t\t\t\t\t\t\t<img loading=\"lazy\" decoding=\"async\" width=\"300\" height=\"300\" src=\"https:\/\/helpeducacion.com\/wp-content\/uploads\/2024\/12\/5-300x300-1.png\" class=\"attachment-medium size-medium\" alt=\"\" srcset=\"https:\/\/helpeducacion.com\/wp-content\/uploads\/2024\/12\/5-300x300-1.png 300w, https:\/\/helpeducacion.com\/wp-content\/uploads\/2024\/12\/5-300x300-1-150x150.png 150w\" sizes=\"auto, (max-width: 300px) 100vw, 300px\" \/>\t\t\t\t\t\t\t\t<\/a>\n\t\t\t\t\t\t\t\t\t\t\t\t\t\t\t<\/div>\n\t\t\t\t<\/div>\n\t\t\t\t<div class=\"elementor-element elementor-element-7c173b4 elementor-widget elementor-widget-button\" data-id=\"7c173b4\" data-element_type=\"widget\" data-settings=\"{&quot;_animation&quot;:&quot;none&quot;}\" data-widget_type=\"button.default\">\n\t\t\t\t<div class=\"elementor-widget-container\">\n\t\t\t\t\t<div class=\"elementor-button-wrapper\">\n\t\t\t<a href=\"https:\/\/helpeducacion.com\/?page_id=487\" class=\"elementor-button-link elementor-button elementor-size-sm elementor-animation-bob\" role=\"button\">\n\t\t\t\t\t\t<span class=\"elementor-button-content-wrapper\">\n\t\t\t\t\t\t<span class=\"elementor-button-text\">10 Videos de niveles de comprensi\u00f3n lectora<\/span>\n\t\t<\/span>\n\t\t\t\t\t<\/a>\n\t\t<\/div>\n\t\t\t\t<\/div>\n\t\t\t\t<\/div>\n\t\t\t\t\t<\/div>\n\t\t<\/div>\n\t\t\t\t<div class=\"elementor-column elementor-col-33 elementor-top-column elementor-element elementor-element-45da18c\" data-id=\"45da18c\" data-element_type=\"column\">\n\t\t\t<div class=\"elementor-widget-wrap elementor-element-populated\">\n\t\t\t\t\t\t\t\t<div class=\"elementor-element elementor-element-3085721 elementor-widget elementor-widget-image\" data-id=\"3085721\" data-element_type=\"widget\" data-widget_type=\"image.default\">\n\t\t\t\t<div class=\"elementor-widget-container\">\n\t\t\t\t\t\t\t\t\t\t\t\t\t\t\t\t<a href=\"https:\/\/helpeducacion.com\/?page_id=386\">\n\t\t\t\t\t\t\t<img loading=\"lazy\" decoding=\"async\" width=\"300\" height=\"300\" src=\"https:\/\/helpeducacion.com\/wp-content\/uploads\/2023\/03\/6-300x300.png\" class=\"attachment-medium size-medium\" alt=\"\" srcset=\"https:\/\/helpeducacion.com\/wp-content\/uploads\/2023\/03\/6-300x300.png 300w, https:\/\/helpeducacion.com\/wp-content\/uploads\/2023\/03\/6-1024x1024.png 1024w, https:\/\/helpeducacion.com\/wp-content\/uploads\/2023\/03\/6-150x150.png 150w, https:\/\/helpeducacion.com\/wp-content\/uploads\/2023\/03\/6-768x768.png 768w, https:\/\/helpeducacion.com\/wp-content\/uploads\/2023\/03\/6.png 1050w\" sizes=\"auto, (max-width: 300px) 100vw, 300px\" \/>\t\t\t\t\t\t\t\t<\/a>\n\t\t\t\t\t\t\t\t\t\t\t\t\t\t\t<\/div>\n\t\t\t\t<\/div>\n\t\t\t\t<div class=\"elementor-element elementor-element-84b0ffe elementor-widget elementor-widget-button\" data-id=\"84b0ffe\" data-element_type=\"widget\" data-settings=\"{&quot;_animation&quot;:&quot;none&quot;}\" data-widget_type=\"button.default\">\n\t\t\t\t<div class=\"elementor-widget-container\">\n\t\t\t\t\t<div class=\"elementor-button-wrapper\">\n\t\t\t<a href=\"https:\/\/helpeducacion.com\/?page_id=386\" class=\"elementor-button-link elementor-button elementor-size-sm elementor-animation-bob\" role=\"button\">\n\t\t\t\t\t\t<span class=\"elementor-button-content-wrapper\">\n\t\t\t\t\t\t<span class=\"elementor-button-text\">10 Videos de ejercicios de comprensi\u00f3n lectora<\/span>\n\t\t<\/span>\n\t\t\t\t\t<\/a>\n\t\t<\/div>\n\t\t\t\t<\/div>\n\t\t\t\t<\/div>\n\t\t\t\t\t<\/div>\n\t\t<\/div>\n\t\t\t\t\t\t\t<\/div>\n\t\t<\/section>\n\t\t\t\t<section class=\"elementor-section elementor-top-section elementor-element elementor-element-63e8953 elementor-section-boxed elementor-section-height-default elementor-section-height-default\" data-id=\"63e8953\" data-element_type=\"section\">\n\t\t\t\t\t\t<div class=\"elementor-container elementor-column-gap-default\">\n\t\t\t\t\t<div class=\"elementor-column elementor-col-33 elementor-top-column elementor-element elementor-element-4170097\" data-id=\"4170097\" data-element_type=\"column\">\n\t\t\t<div class=\"elementor-widget-wrap elementor-element-populated\">\n\t\t\t\t\t\t\t\t<div class=\"elementor-element elementor-element-e3b8d8c elementor-widget elementor-widget-image\" data-id=\"e3b8d8c\" data-element_type=\"widget\" data-widget_type=\"image.default\">\n\t\t\t\t<div class=\"elementor-widget-container\">\n\t\t\t\t\t\t\t\t\t\t\t\t\t\t\t\t<a href=\"https:\/\/helpeducacion.com\/?page_id=283\">\n\t\t\t\t\t\t\t<img loading=\"lazy\" decoding=\"async\" width=\"300\" height=\"300\" src=\"https:\/\/helpeducacion.com\/wp-content\/uploads\/2023\/03\/7-300x300.png\" class=\"attachment-medium size-medium\" alt=\"\" srcset=\"https:\/\/helpeducacion.com\/wp-content\/uploads\/2023\/03\/7-300x300.png 300w, https:\/\/helpeducacion.com\/wp-content\/uploads\/2023\/03\/7-1024x1024.png 1024w, https:\/\/helpeducacion.com\/wp-content\/uploads\/2023\/03\/7-150x150.png 150w, https:\/\/helpeducacion.com\/wp-content\/uploads\/2023\/03\/7-768x768.png 768w, https:\/\/helpeducacion.com\/wp-content\/uploads\/2023\/03\/7.png 1050w\" sizes=\"auto, (max-width: 300px) 100vw, 300px\" \/>\t\t\t\t\t\t\t\t<\/a>\n\t\t\t\t\t\t\t\t\t\t\t\t\t\t\t<\/div>\n\t\t\t\t<\/div>\n\t\t\t\t<div class=\"elementor-element elementor-element-483cc7d elementor-widget elementor-widget-button\" data-id=\"483cc7d\" data-element_type=\"widget\" data-settings=\"{&quot;_animation&quot;:&quot;none&quot;}\" data-widget_type=\"button.default\">\n\t\t\t\t<div class=\"elementor-widget-container\">\n\t\t\t\t\t<div class=\"elementor-button-wrapper\">\n\t\t\t<a href=\"https:\/\/helpeducacion.com\/?page_id=283\" class=\"elementor-button-link elementor-button elementor-size-sm elementor-animation-bob\" role=\"button\">\n\t\t\t\t\t\t<span class=\"elementor-button-content-wrapper\">\n\t\t\t\t\t\t<span class=\"elementor-button-text\">10 Videos de como construir un origami<\/span>\n\t\t<\/span>\n\t\t\t\t\t<\/a>\n\t\t<\/div>\n\t\t\t\t<\/div>\n\t\t\t\t<\/div>\n\t\t\t\t\t<\/div>\n\t\t<\/div>\n\t\t\t\t<div class=\"elementor-column elementor-col-33 elementor-top-column elementor-element elementor-element-ade9380\" data-id=\"ade9380\" data-element_type=\"column\">\n\t\t\t<div class=\"elementor-widget-wrap elementor-element-populated\">\n\t\t\t\t\t\t\t\t<div class=\"elementor-element elementor-element-02c699c elementor-widget elementor-widget-image\" data-id=\"02c699c\" data-element_type=\"widget\" data-widget_type=\"image.default\">\n\t\t\t\t<div class=\"elementor-widget-container\">\n\t\t\t\t\t\t\t\t\t\t\t\t\t\t\t\t<a href=\"https:\/\/helpeducacion.com\/?page_id=411\">\n\t\t\t\t\t\t\t<img loading=\"lazy\" decoding=\"async\" width=\"300\" height=\"300\" src=\"https:\/\/helpeducacion.com\/wp-content\/uploads\/2023\/03\/8-300x300.png\" class=\"attachment-medium size-medium\" alt=\"\" srcset=\"https:\/\/helpeducacion.com\/wp-content\/uploads\/2023\/03\/8-300x300.png 300w, https:\/\/helpeducacion.com\/wp-content\/uploads\/2023\/03\/8-1024x1024.png 1024w, https:\/\/helpeducacion.com\/wp-content\/uploads\/2023\/03\/8-150x150.png 150w, https:\/\/helpeducacion.com\/wp-content\/uploads\/2023\/03\/8-768x768.png 768w, https:\/\/helpeducacion.com\/wp-content\/uploads\/2023\/03\/8.png 1050w\" sizes=\"auto, (max-width: 300px) 100vw, 300px\" \/>\t\t\t\t\t\t\t\t<\/a>\n\t\t\t\t\t\t\t\t\t\t\t\t\t\t\t<\/div>\n\t\t\t\t<\/div>\n\t\t\t\t<div class=\"elementor-element elementor-element-a619961 elementor-widget elementor-widget-button\" data-id=\"a619961\" data-element_type=\"widget\" data-settings=\"{&quot;_animation&quot;:&quot;none&quot;}\" data-widget_type=\"button.default\">\n\t\t\t\t<div class=\"elementor-widget-container\">\n\t\t\t\t\t<div class=\"elementor-button-wrapper\">\n\t\t\t<a href=\"https:\/\/helpeducacion.com\/?page_id=411\" class=\"elementor-button-link elementor-button elementor-size-sm elementor-animation-bob\" role=\"button\">\n\t\t\t\t\t\t<span class=\"elementor-button-content-wrapper\">\n\t\t\t\t\t\t<span class=\"elementor-button-text\">10 Videos de ideas para escribir una obra literaria<\/span>\n\t\t<\/span>\n\t\t\t\t\t<\/a>\n\t\t<\/div>\n\t\t\t\t<\/div>\n\t\t\t\t<\/div>\n\t\t\t\t\t<\/div>\n\t\t<\/div>\n\t\t\t\t<div class=\"elementor-column elementor-col-33 elementor-top-column elementor-element elementor-element-0c39bd5\" data-id=\"0c39bd5\" data-element_type=\"column\">\n\t\t\t<div class=\"elementor-widget-wrap\">\n\t\t\t\t\t\t\t\t\t<\/div>\n\t\t<\/div>\n\t\t\t\t\t\t\t<\/div>\n\t\t<\/section>\n\t\t\t\t<section class=\"elementor-section elementor-top-section elementor-element elementor-element-273ae53 elementor-section-boxed elementor-section-height-default elementor-section-height-default\" data-id=\"273ae53\" data-element_type=\"section\">\n\t\t\t\t\t\t<div class=\"elementor-container elementor-column-gap-default\">\n\t\t\t\t\t<div class=\"elementor-column elementor-col-100 elementor-top-column elementor-element elementor-element-be467b6\" data-id=\"be467b6\" data-element_type=\"column\">\n\t\t\t<div class=\"elementor-widget-wrap elementor-element-populated\">\n\t\t\t\t\t\t\t\t<div class=\"elementor-element elementor-element-fbc0d90 elementor-widget elementor-widget-spacer\" data-id=\"fbc0d90\" data-element_type=\"widget\" data-widget_type=\"spacer.default\">\n\t\t\t\t<div class=\"elementor-widget-container\">\n\t\t\t<style>\/*! elementor - v3.8.0 - 30-10-2022 *\/\n.elementor-column .elementor-spacer-inner{height:var(--spacer-size)}.e-con{--container-widget-width:100%}.e-con-inner>.elementor-widget-spacer,.e-con>.elementor-widget-spacer{width:var(--container-widget-width,var(--spacer-size));-ms-flex-item-align:stretch;align-self:stretch;-ms-flex-negative:0;flex-shrink:0}.e-con-inner>.elementor-widget-spacer>.elementor-widget-container,.e-con-inner>.elementor-widget-spacer>.elementor-widget-container>.elementor-spacer,.e-con>.elementor-widget-spacer>.elementor-widget-container,.e-con>.elementor-widget-spacer>.elementor-widget-container>.elementor-spacer{height:100%}.e-con-inner>.elementor-widget-spacer>.elementor-widget-container>.elementor-spacer>.elementor-spacer-inner,.e-con>.elementor-widget-spacer>.elementor-widget-container>.elementor-spacer>.elementor-spacer-inner{height:var(--container-widget-height,var(--spacer-size))}<\/style>\t\t<div class=\"elementor-spacer\">\n\t\t\t<div class=\"elementor-spacer-inner\"><\/div>\n\t\t<\/div>\n\t\t\t\t<\/div>\n\t\t\t\t<\/div>\n\t\t\t\t\t<\/div>\n\t\t<\/div>\n\t\t\t\t\t\t\t<\/div>\n\t\t<\/section>\n\t\t\t\t\t\t\t<\/div>\n\t\t","protected":false},"excerpt":{"rendered":"<p>Videos de T\u00e9cnicas, Estrategias, Actividades, Ejercicios, Origami, entre otros 10 Videos de actividades para desarrollar la comprensi\u00f3n lectora 10 Videos de momentos de la lectura para mejorar la comprensi\u00f3n 10 Videos de consejos para la comprensi\u00f3n de lectura 10 Videos de estrategias de comprensi\u00f3n lectora 10 Videos de niveles de comprensi\u00f3n lectora 10 Videos de [&hellip;]<\/p>\n","protected":false},"author":1,"featured_media":0,"parent":0,"menu_order":0,"comment_status":"closed","ping_status":"closed","template":"elementor_canvas","meta":{"footnotes":""},"class_list":["post-20","page","type-page","status-publish","hentry"],"_links":{"self":[{"href":"https:\/\/helpeducacion.com\/index.php?rest_route=\/wp\/v2\/pages\/20","targetHints":{"allow":["GET"]}}],"collection":[{"href":"https:\/\/helpeducacion.com\/index.php?rest_route=\/wp\/v2\/pages"}],"about":[{"href":"https:\/\/helpeducacion.com\/index.php?rest_route=\/wp\/v2\/types\/page"}],"author":[{"embeddable":true,"href":"https:\/\/helpeducacion.com\/index.php?rest_route=\/wp\/v2\/users\/1"}],"replies":[{"embeddable":true,"href":"https:\/\/helpeducacion.com\/index.php?rest_route=%2Fwp%2Fv2%2Fcomments&post=20"}],"version-history":[{"count":202,"href":"https:\/\/helpeducacion.com\/index.php?rest_route=\/wp\/v2\/pages\/20\/revisions"}],"predecessor-version":[{"id":814,"href":"https:\/\/helpeducacion.com\/index.php?rest_route=\/wp\/v2\/pages\/20\/revisions\/814"}],"wp:attachment":[{"href":"https:\/\/helpeducacion.com\/index.php?rest_route=%2Fwp%2Fv2%2Fmedia&parent=20"}],"curies":[{"name":"wp","href":"https:\/\/api.w.org\/{rel}","templated":true}]}}